{"id":140,"date":"2019-03-05T13:15:43","date_gmt":"2019-03-05T12:15:43","guid":{"rendered":"https:\/\/www.autoservice-waespi.de\/?page_id=140"},"modified":"2019-03-28T07:59:25","modified_gmt":"2019-03-28T06:59:25","slug":"herzlich-willkommen-bei-autoservice-waespi","status":"publish","type":"page","link":"https:\/\/www.autoservice-waespi.de\/","title":{"rendered":"Startseite"},"content":{"rendered":"<div class=\"entry-content\">\n<h2><strong><span style=\"color: #1b348a;\">Herzlich Willkommen bei Autoservice W\u00e4spi \u2013 Ihrer KFZ-Werkstatt in Habach<\/span><br \/>\n<\/strong><\/h2>\n<p><span style=\"color: #000000;\"><strong><span style=\"font-family: Arial, serif;\"><span style=\"font-size: large;\">Wir sind eine kleine, freie KFZ-Werkstatt, die sich der Reparatur und Wartung s\u00e4mtlicher Fahrzeuge annimmt &#8211; <\/span><\/span><\/strong><span style=\"font-family: Arial, serif;\"><span style=\"font-size: large;\">v<\/span><\/span><span style=\"font-family: Arial, serif;\"><span style=\"font-size: large;\">om kleinen Service bis hin zu Fahrwerks- und Motorreparaturen.<\/span><\/span><\/span><\/p>\n<p><span style=\"font-family: Arial, serif; color: #000000;\"><span style=\"font-size: large;\">Durch unsere umfangreiche Ausr\u00fcstung an Spezialwerkzeugen und elektrischen Diagnoseger\u00e4ten k\u00f6nnen wir jedes Fabrikat fachgerecht warten und reparieren.<\/span><\/span><\/p>\n<p><span style=\"font-family: Arial, serif; color: #000000;\"><span style=\"font-size: large;\">In unserer Werkstatt bieten wir Ihnen Reparaturen aller Marken und Inspektionen nach den Wartungsvorgaben der jeweiligen Hersteller an &#8211; egal ob aktuelles Modell, Young- oder Oldtimer. <\/span><\/span><\/p>\n<p><span style=\"color: #000000;\"><strong><span style=\"font-family: Arial, serif;\"><span style=\"font-size: large;\">Dabei ist uns der pers\u00f6nliche Kontakt zu unseren Kunden immer besonders wichtig. Deshalb rufen Sie einfach an oder kommen Sie w\u00e4hrend unserer \u00d6ffnungszeiten vorbei. Wir beraten Sie gerne. <\/span><\/span><\/strong><\/span><\/p>\n<p>&nbsp;<\/p>\n<p><span style=\"color: #000000;\"><strong><a style=\"color: #000000;\" name=\"_GoBack\"><\/a> <\/strong><span style=\"font-family: Arial, serif;\"><span style=\"font-size: large;\"><u><strong>Unsere Garantie<\/strong>:<\/u><\/span><\/span><\/span><span style=\"font-family: Arial, serif;\"><span style=\"font-size: large;\"><span style=\"color: #000000;\"> Wir versuchen immer, die f\u00fcr Sie beste L\u00f6sung zu finden. Selbstverst\u00e4ndlich geht die Sicherheit Ihres Fahrzeugs immer vor. Trotzdem ist uns auch klar: Je nach Zeitwert des Fahrzeuges lohnt sich nicht immer jede Reparatur, vor allem wenn es sich um optische M\u00e4ngel handelt. Wir beraten Sie gerne, welche Reparaturen zwingend erforderlich sind und welche &#8211; vor allem bei \u00e4lteren Fahrzeugen &#8211; nicht unbedingt durchgef\u00fchrt werden m\u00fcssen.<\/span> <\/span><\/span><\/p>\n<\/div>\n","protected":false},"excerpt":{"rendered":"<p>Herzlich Willkommen bei Autoservice W\u00e4spi \u2013 Ihrer KFZ-Werkstatt in Habach Wir sind eine kleine, freie KFZ-Werkstatt, die sich der Reparatur und Wartung s\u00e4mtlicher Fahrzeuge annimmt &#8211; vom kleinen Service bis hin zu Fahrwerks- und Motorreparaturen. Durch unsere umfangreiche Ausr\u00fcstung an Spezialwerkzeugen und elektrischen Diagnoseger\u00e4ten k\u00f6nnen wir jedes Fabrikat fachgerecht warten und reparieren. In unserer Werkstatt [&hellip;]<\/p>\n","protected":false},"author":1,"featured_media":0,"parent":0,"menu_order":0,"comment_status":"closed","ping_status":"closed","template":"templates\/page-full-width.php","meta":{"footnotes":""},"class_list":["post-140","page","type-page","status-publish","hentry"],"_links":{"self":[{"href":"https:\/\/www.autoservice-waespi.de\/index.php\/wp-json\/wp\/v2\/pages\/140","targetHints":{"allow":["GET"]}}],"collection":[{"href":"https:\/\/www.autoservice-waespi.de\/index.php\/wp-json\/wp\/v2\/pages"}],"about":[{"href":"https:\/\/www.autoservice-waespi.de\/index.php\/wp-json\/wp\/v2\/types\/page"}],"author":[{"embeddable":true,"href":"https:\/\/www.autoservice-waespi.de\/index.php\/wp-json\/wp\/v2\/users\/1"}],"replies":[{"embeddable":true,"href":"https:\/\/www.autoservice-waespi.de\/index.php\/wp-json\/wp\/v2\/comments?post=140"}],"version-history":[{"count":17,"href":"https:\/\/www.autoservice-waespi.de\/index.php\/wp-json\/wp\/v2\/pages\/140\/revisions"}],"predecessor-version":[{"id":491,"href":"https:\/\/www.autoservice-waespi.de\/index.php\/wp-json\/wp\/v2\/pages\/140\/revisions\/491"}],"wp:attachment":[{"href":"https:\/\/www.autoservice-waespi.de\/index.php\/wp-json\/wp\/v2\/media?parent=140"}],"curies":[{"name":"wp","href":"https:\/\/api.w.org\/{rel}","templated":true}]}}