{"id":3,"date":"2019-02-28T18:45:05","date_gmt":"2019-02-28T17:45:05","guid":{"rendered":"https:\/\/www.autoservice-waespi.de\/?page_id=3"},"modified":"2026-04-09T17:19:45","modified_gmt":"2026-04-09T15:19:45","slug":"datenschutzerklaerung","status":"publish","type":"page","link":"https:\/\/www.autoservice-waespi.de\/index.php\/datenschutzerklaerung\/","title":{"rendered":"Datenschutzerkl\u00e4rung"},"content":{"rendered":"<h1>Datenschutzerkl\u00e4rung<\/h1>\n<h2>1. Verantwortlicher<\/h2>\n<p>Verantwortlicher im Sinne der Datenschutz-Grundverordnung (DSGVO) ist:<\/p>\n<p><strong>Autoservice W\u00e4spi<\/strong> Inhaber: Sebastian W\u00e4spi St. Ulrich-Str. 15a D-82392 Habach<\/p>\n<p>Tel.: 08847 \/ 699728 E-Mail: info@autoservice-waespi.de Web: www.autoservice-waespi.de<\/p>\n<h2>2. Ihre Betroffenenrechte<\/h2>\n<p>Sie haben gegen\u00fcber uns folgende Rechte hinsichtlich der Sie betreffenden personenbezogenen Daten:<\/p>\n<ul>\n<li>Recht auf Auskunft (Art. 15 DSGVO)<\/li>\n<li>Recht auf Berichtigung (Art. 16 DSGVO)<\/li>\n<li>Recht auf L\u00f6schung (Art. 17 DSGVO)<\/li>\n<li>Recht auf Einschr\u00e4nkung der Verarbeitung (Art. 18 DSGVO)<\/li>\n<li>Recht auf Widerspruch gegen die Verarbeitung (Art. 21 DSGVO)<\/li>\n<li>Recht auf Daten\u00fcbertragbarkeit (Art. 20 DSGVO)<\/li>\n<\/ul>\n<p>Sofern Sie uns eine Einwilligung erteilt haben, k\u00f6nnen Sie diese jederzeit mit Wirkung f\u00fcr die Zukunft widerrufen.<\/p>\n<p>Sie haben zudem das Recht, sich bei einer Datenschutz-Aufsichtsbeh\u00f6rde \u00fcber die Verarbeitung Ihrer personenbezogenen Daten durch uns zu beschweren. Die f\u00fcr uns zust\u00e4ndige Aufsichtsbeh\u00f6rde ist:<\/p>\n<p>Bayerisches Landesamt f\u00fcr Datenschutzaufsicht (BayLDA) Promenade 18 91522 Ansbach https:\/\/www.lda.bayern.de<\/p>\n<h2>3. Hosting<\/h2>\n<p>Unsere Website wird bei folgendem Anbieter gehostet:<\/p>\n<p>Contabo GmbH<br \/>\nWelfenstra\u00dfe 22<br \/>\n81541 M\u00fcnchen<br \/>\nDeutschland<\/p>\n<p>Der Hoster erhebt in sogenannten Logfiles folgende Daten, die Ihr Browser \u00fcbermittelt: IP-Adresse, die Adresse der vorher besuchten Website (Referer), Datum und Uhrzeit der Anfrage, Zeitzonendifferenz zur Greenwich Mean Time, Inhalt der Anforderung, HTTP-Statuscode, \u00fcbertragene Datenmenge, Website, von der die Anforderung kommt, sowie Informationen zu Browser und Betriebssystem.<\/p>\n<p>Die Verarbeitung dieser Daten ist erforderlich, um unsere Website anzeigen zu k\u00f6nnen und die Stabilit\u00e4t und Sicherheit zu gew\u00e4hrleisten. Dies entspricht unserem berechtigten Interesse im Sinne des Art. 6 Abs. 1 lit. f DSGVO.<\/p>\n<p>Es besteht ein Vertrag \u00fcber Auftragsverarbeitung (AVV) mit unserem Hoster, um den datenschutzkonformen Umgang mit Ihren personenbezogenen Daten sicherzustellen.<\/p>\n<h2>4. Erfassung allgemeiner Informationen (Server-Logfiles)<\/h2>\n<p>Beim Besuch unserer Website werden automatisch Informationen allgemeiner Natur erfasst. Diese Informationen (Server-Logfiles) beinhalten etwa die Art des Webbrowsers, das verwendete Betriebssystem, den Domainnamen Ihres Internet-Service-Providers, Ihre IP-Adresse, Datum und Uhrzeit des Zugriffs sowie \u00e4hnliche Daten.<\/p>\n<p>Diese Daten werden zu folgenden Zwecken verarbeitet:<\/p>\n<ul>\n<li>Sicherstellung eines problemlosen Verbindungsaufbaus der Website<\/li>\n<li>Sicherstellung einer reibungslosen Nutzung unserer Website<\/li>\n<li>Auswertung der Systemsicherheit und -stabilit\u00e4t<\/li>\n<li>Weitere administrative Zwecke<\/li>\n<\/ul>\n<p>Wir verwenden Ihre Daten nicht, um R\u00fcckschl\u00fcsse auf Ihre Person zu ziehen.<\/p>\n<p><strong>Rechtsgrundlage:<\/strong> Art. 6 Abs. 1 lit. f DSGVO (berechtigtes Interesse an der sicheren und stabilen Bereitstellung unserer Website).<\/p>\n<p><strong>Speicherdauer:<\/strong> Die Daten werden gel\u00f6scht, sobald sie f\u00fcr den Zweck der Erhebung nicht mehr erforderlich sind, in der Regel nach Beendigung der jeweiligen Sitzung bzw. sp\u00e4testens nach 7 Tagen.<\/p>\n<h2>5. Cookies<\/h2>\n<h3>Was sind Cookies?<\/h3>\n<p>Unsere Website verwendet sogenannte \u201eCookies&#8220;. Dabei handelt es sich um kleine Textdateien, die auf Ihrem Endger\u00e4t (Laptop, Tablet, Smartphone o. \u00e4.) gespeichert werden, wenn Sie unsere Website besuchen.<\/p>\n<p>Cookies richten auf Ihrem Endger\u00e4t keinen Schaden an. Sie k\u00f6nnen nicht verwendet werden, um Programme zu starten oder Viren auf einen Computer zu \u00fcbertragen.<\/p>\n<h3>Welche Cookies setzen wir ein?<\/h3>\n<p><strong>Technisch notwendige Cookies:<\/strong> Diese Cookies sind f\u00fcr den Betrieb der Website erforderlich und k\u00f6nnen in unseren Systemen nicht abgeschaltet werden. Sie werden in der Regel nur als Reaktion auf von Ihnen getroffene Aktionen gesetzt, wie z. B. das Festlegen Ihrer Datenschutzeinstellungen \u00fcber unser Cookie-Consent-Tool.<\/p>\n<p><strong>Rechtsgrundlage:<\/strong> Art. 6 Abs. 1 lit. f DSGVO (berechtigtes Interesse).<\/p>\n<h3>Cookie-Consent-Tool<\/h3>\n<p>Unsere Website nutzt ein Cookie-Consent-Tool, um Ihre Einwilligung zur Speicherung bestimmter Cookies einzuholen und diese datenschutzkonform zu dokumentieren. Beim Betreten der Website wird ein Cookie-Banner angezeigt, in dem Sie die M\u00f6glichkeit haben, bestimmte Cookies und Datenverarbeitungen zu erlauben oder abzulehnen.<\/p>\n<p>Das Tool speichert ein Cookie in Ihrem Browser, um Ihnen die erteilten Einwilligungen bzw. deren Widerruf zuordnen zu k\u00f6nnen. Die so erfassten Daten werden gespeichert, bis Sie uns zur L\u00f6schung auffordern, das entsprechende Cookie selbst l\u00f6schen oder der Zweck f\u00fcr die Datenspeicherung entf\u00e4llt.<\/p>\n<p><strong>Rechtsgrundlage:<\/strong> Art. 6 Abs. 1 lit. c DSGVO (rechtliche Verpflichtung zur Nachweisbarkeit der Einwilligung).<\/p>\n<h3>Widerruf Ihrer Einwilligung<\/h3>\n<p>Sie k\u00f6nnen Ihre Cookie-Einstellungen jederzeit \u00fcber den Link \u201eCookies widerrufen&#8220; auf unserer Website \u00e4ndern oder Ihre Einwilligung widerrufen. Alternativ k\u00f6nnen Sie Ihren Browser so einstellen, dass er Sie \u00fcber das Setzen von Cookies informiert, Cookies nur im Einzelfall erlaubt oder generell ausschlie\u00dft sowie das automatische L\u00f6schen der Cookies beim Schlie\u00dfen des Browsers aktiviert.<\/p>\n<h2>6. Kontaktformular<\/h2>\n<p>Wenn Sie uns per Kontaktformular Anfragen zukommen lassen, werden Ihre Angaben aus dem Formular inklusive der von Ihnen dort angegebenen Kontaktdaten zwecks Bearbeitung der Anfrage und f\u00fcr den Fall von Anschlussfragen bei uns gespeichert.<\/p>\n<p><strong>Rechtsgrundlage:<\/strong> Art. 6 Abs. 1 lit. f DSGVO (berechtigtes Interesse an der Bearbeitung Ihrer Anfrage). Sofern Ihre Anfrage auf den Abschluss eines Vertrages abzielt, ist zus\u00e4tzliche Rechtsgrundlage Art. 6 Abs. 1 lit. b DSGVO (vorvertragliche Ma\u00dfnahmen).<\/p>\n<p><strong>Empf\u00e4nger:<\/strong> Empf\u00e4nger der Daten sind ggf. technische Dienstleister, die f\u00fcr den Betrieb und die Wartung unserer Website als Auftragsverarbeiter t\u00e4tig werden.<\/p>\n<p><strong>Speicherdauer:<\/strong> Die Daten werden sp\u00e4testens 6 Monate nach Bearbeitung der Anfrage gel\u00f6scht. Sofern es zu einem Vertragsverh\u00e4ltnis kommt, unterliegen wir den gesetzlichen Aufbewahrungsfristen nach HGB und l\u00f6schen Ihre Daten nach Ablauf dieser Fristen.<\/p>\n<p><strong>Bereitstellung erforderlich:<\/strong> Die Bereitstellung Ihrer personenbezogenen Daten erfolgt freiwillig. Wir k\u00f6nnen Ihre Anfrage jedoch nur bearbeiten, sofern Sie uns Ihren Namen, Ihre E-Mail-Adresse und den Grund der Anfrage mitteilen.<\/p>\n<h2>7. Kontaktaufnahme per E-Mail oder Telefon<\/h2>\n<p>Wenn Sie uns per E-Mail oder Telefon kontaktieren, wird Ihre Anfrage inklusive aller daraus hervorgehenden personenbezogenen Daten (Name, E-Mail-Adresse, Telefonnummer, Anfrage) zum Zwecke der Bearbeitung Ihres Anliegens bei uns gespeichert und verarbeitet.<\/p>\n<p><strong>Rechtsgrundlage:<\/strong> Art. 6 Abs. 1 lit. f DSGVO (berechtigtes Interesse) bzw. Art. 6 Abs. 1 lit. b DSGVO, sofern die Anfrage auf den Abschluss eines Vertrages abzielt.<\/p>\n<p><strong>Speicherdauer:<\/strong> Ihre Daten werden nach abschlie\u00dfender Bearbeitung Ihrer Anfrage gel\u00f6scht, sofern keine gesetzlichen Aufbewahrungspflichten entgegenstehen.<\/p>\n<h2>8. WordPress<\/h2>\n<p>Unsere Website nutzt das Content-Management-System WordPress. Anbieter ist die Automattic Inc., 60 29th Street #343, San Francisco, CA 94110-4929, USA.<\/p>\n<p>Im Rahmen der Nutzung von WordPress werden verschiedene technisch notwendige Cookies gesetzt (z. B. f\u00fcr Login-Funktionen und Anzeigeoptionen). Diese Cookies dienen ausschlie\u00dflich dem technischen Betrieb der Website.<\/p>\n<p><strong>Rechtsgrundlage:<\/strong> Art. 6 Abs. 1 lit. f DSGVO (berechtigtes Interesse am technischen Betrieb der Website).<\/p>\n<h2>9. SSL-\/TLS-Verschl\u00fcsselung<\/h2>\n<p>Diese Seite nutzt aus Sicherheitsgr\u00fcnden und zum Schutz der \u00dcbertragung vertraulicher Inhalte, wie zum Beispiel Anfragen, die Sie an uns als Seitenbetreiber senden, eine SSL- bzw. TLS-Verschl\u00fcsselung. Eine verschl\u00fcsselte Verbindung erkennen Sie daran, dass die Adresszeile des Browsers von \u201ehttp:\/\/&#8220; auf \u201ehttps:\/\/&#8220; wechselt und an dem Schloss-Symbol in Ihrer Browserzeile.<\/p>\n<p>Wenn die SSL- bzw. TLS-Verschl\u00fcsselung aktiviert ist, k\u00f6nnen die Daten, die Sie an uns \u00fcbermitteln, nicht von Dritten mitgelesen werden.<\/p>\n<h2>10. \u00c4nderung unserer Datenschutzbestimmungen<\/h2>\n<p>Wir behalten uns vor, diese Datenschutzerkl\u00e4rung anzupassen, damit sie stets den aktuellen rechtlichen Anforderungen entspricht oder um \u00c4nderungen unserer Leistungen in der Datenschutzerkl\u00e4rung umzusetzen, z. B. bei der Einf\u00fchrung neuer Services. F\u00fcr Ihren erneuten Besuch gilt dann die neue Datenschutzerkl\u00e4rung.<\/p>\n<h2>11. Fragen zum Datenschutz<\/h2>\n<p>Wenn Sie Fragen zum Datenschutz haben, schreiben Sie uns bitte eine E-Mail an: info@autoservice-waespi.de<\/p>\n<p><em>Stand: April 2026<\/em><\/p>\n","protected":false},"excerpt":{"rendered":"<p>Datenschutzerkl\u00e4rung 1. Verantwortlicher Verantwortlicher im Sinne der Datenschutz-Grundverordnung (DSGVO) ist: Autoservice W\u00e4spi Inhaber: Sebastian W\u00e4spi St. Ulrich-Str. 15a D-82392 Habach Tel.: 08847 \/ 699728 E-Mail: info@autoservice-waespi.de Web: www.autoservice-waespi.de 2. Ihre Betroffenenrechte Sie haben gegen\u00fcber uns folgende Rechte hinsichtlich der Sie betreffenden personenbezogenen Daten: Recht auf Auskunft (Art. 15 DSGVO) Recht auf Berichtigung (Art. 16 DSGVO) [&hellip;]<\/p>\n","protected":false},"author":1,"featured_media":0,"parent":0,"menu_order":70,"comment_status":"closed","ping_status":"open","template":"","meta":{"footnotes":""},"class_list":["post-3","page","type-page","status-publish","hentry"],"_links":{"self":[{"href":"https:\/\/www.autoservice-waespi.de\/index.php\/wp-json\/wp\/v2\/pages\/3","targetHints":{"allow":["GET"]}}],"collection":[{"href":"https:\/\/www.autoservice-waespi.de\/index.php\/wp-json\/wp\/v2\/pages"}],"about":[{"href":"https:\/\/www.autoservice-waespi.de\/index.php\/wp-json\/wp\/v2\/types\/page"}],"author":[{"embeddable":true,"href":"https:\/\/www.autoservice-waespi.de\/index.php\/wp-json\/wp\/v2\/users\/1"}],"replies":[{"embeddable":true,"href":"https:\/\/www.autoservice-waespi.de\/index.php\/wp-json\/wp\/v2\/comments?post=3"}],"version-history":[{"count":8,"href":"https:\/\/www.autoservice-waespi.de\/index.php\/wp-json\/wp\/v2\/pages\/3\/revisions"}],"predecessor-version":[{"id":566,"href":"https:\/\/www.autoservice-waespi.de\/index.php\/wp-json\/wp\/v2\/pages\/3\/revisions\/566"}],"wp:attachment":[{"href":"https:\/\/www.autoservice-waespi.de\/index.php\/wp-json\/wp\/v2\/media?parent=3"}],"curies":[{"name":"wp","href":"https:\/\/api.w.org\/{rel}","templated":true}]}}