{"id":83,"date":"2019-03-05T12:31:44","date_gmt":"2019-03-05T11:31:44","guid":{"rendered":"https:\/\/www.autoservice-waespi.de\/?page_id=83"},"modified":"2019-03-25T18:39:08","modified_gmt":"2019-03-25T17:39:08","slug":"fahrzeugreparatur","status":"publish","type":"page","link":"https:\/\/www.autoservice-waespi.de\/index.php\/service\/fahrzeugreparatur\/","title":{"rendered":"Fahrzeugreparatur"},"content":{"rendered":"<h2><strong><span style=\"color: #1b348a;\">Fahrzeugreparatur<\/span><\/strong><\/h2>\n<p><span style=\"color: #000000;\"><strong><span style=\"font-family: Arial, serif;\"><span style=\"font-size: large;\">Egal, um welches Fabrikat es sich handelt: Wir f\u00fchren alle g\u00e4ngigen Reparaturen an allen Fahrzeugen durch. Dabei achten wir selbstverst\u00e4ndlich darauf, dass wir nur Ersatzteile in Herstellerqualit\u00e4t verwenden. <\/span><\/span><\/strong><\/span><\/p>\n<p><strong><span style=\"font-family: Arial, serif;\"><span style=\"font-size: large;\"><span style=\"color: #000000;\">Unsere Leistungen im \u00dcberblick:<\/span> <\/span><\/span><\/strong><\/p>\n<ul>\n<li><span style=\"color: #000000;\"><span style=\"font-family: Arial, serif;\"><span style=\"font-size: large;\">Fehlersuche Autoelektrik<\/span><\/span><\/span><span style=\"font-family: Arial, serif;\"><span style=\"font-size: large;\"> \/<span style=\"color: #000000;\">-elektronik<\/span><\/span><\/span><\/li>\n<li><span style=\"color: #000000;\"><span style=\"font-family: Arial, serif;\"><span style=\"font-size: large;\">modernste Diagnose<\/span><\/span><\/span><\/li>\n<li><span style=\"color: #000000;\"><span style=\"font-family: Arial, serif;\"><span style=\"font-size: large;\">Kupplung, Auspuff, Bremsen und Fahrwerk\/Achsen<\/span><\/span><\/span><\/li>\n<li><span style=\"color: #000000;\"><span style=\"font-family: Arial, serif;\"><span style=\"font-size: large;\">Autoglasreparatur<\/span><\/span><\/span><\/li>\n<li><span style=\"color: #000000;\"><span style=\"font-family: Arial, serif;\"><span style=\"font-size: large;\">uvm. <\/span><\/span><\/span><\/li>\n<\/ul>\n<p><a name=\"_GoBack\"><\/a><span style=\"color: #000000;\"><span style=\"font-family: Arial, serif;\"><span style=\"font-size: large;\"><u><strong>Unser Versprechen an Sie<\/strong>: <\/u><\/span><\/span><\/span><span style=\"color: #000000;\"><span style=\"font-family: Arial, serif;\"><span style=\"font-size: large;\">Selbstverst\u00e4ndlich erhalten Sie auf alle von uns verbauten Ersatzteile Garantie. Defekte Teile, die von uns eingebaut wurden und noch unter Gew\u00e4hrleistung stehen, ersetzen wir umgehend und f\u00fcr Sie kostenlos.<\/span><\/span><\/span><\/p>\n","protected":false},"excerpt":{"rendered":"<p>Fahrzeugreparatur Egal, um welches Fabrikat es sich handelt: Wir f\u00fchren alle g\u00e4ngigen Reparaturen an allen Fahrzeugen durch. Dabei achten wir selbstverst\u00e4ndlich darauf, dass wir nur Ersatzteile in Herstellerqualit\u00e4t verwenden. Unsere Leistungen im \u00dcberblick: Fehlersuche Autoelektrik \/-elektronik modernste Diagnose Kupplung, Auspuff, Bremsen und Fahrwerk\/Achsen Autoglasreparatur uvm. Unser Versprechen an Sie: Selbstverst\u00e4ndlich erhalten Sie auf alle von [&hellip;]<\/p>\n","protected":false},"author":1,"featured_media":0,"parent":290,"menu_order":10,"comment_status":"closed","ping_status":"closed","template":"templates\/page-full-width.php","meta":{"footnotes":""},"class_list":["post-83","page","type-page","status-publish","hentry"],"_links":{"self":[{"href":"https:\/\/www.autoservice-waespi.de\/index.php\/wp-json\/wp\/v2\/pages\/83","targetHints":{"allow":["GET"]}}],"collection":[{"href":"https:\/\/www.autoservice-waespi.de\/index.php\/wp-json\/wp\/v2\/pages"}],"about":[{"href":"https:\/\/www.autoservice-waespi.de\/index.php\/wp-json\/wp\/v2\/types\/page"}],"author":[{"embeddable":true,"href":"https:\/\/www.autoservice-waespi.de\/index.php\/wp-json\/wp\/v2\/users\/1"}],"replies":[{"embeddable":true,"href":"https:\/\/www.autoservice-waespi.de\/index.php\/wp-json\/wp\/v2\/comments?post=83"}],"version-history":[{"count":6,"href":"https:\/\/www.autoservice-waespi.de\/index.php\/wp-json\/wp\/v2\/pages\/83\/revisions"}],"predecessor-version":[{"id":476,"href":"https:\/\/www.autoservice-waespi.de\/index.php\/wp-json\/wp\/v2\/pages\/83\/revisions\/476"}],"up":[{"embeddable":true,"href":"https:\/\/www.autoservice-waespi.de\/index.php\/wp-json\/wp\/v2\/pages\/290"}],"wp:attachment":[{"href":"https:\/\/www.autoservice-waespi.de\/index.php\/wp-json\/wp\/v2\/media?parent=83"}],"curies":[{"name":"wp","href":"https:\/\/api.w.org\/{rel}","templated":true}]}}