{"id":85,"date":"2019-03-05T12:32:37","date_gmt":"2019-03-05T11:32:37","guid":{"rendered":"https:\/\/www.autoservice-waespi.de\/?page_id=85"},"modified":"2019-03-25T18:40:09","modified_gmt":"2019-03-25T17:40:09","slug":"fahrzeugwartung","status":"publish","type":"page","link":"https:\/\/www.autoservice-waespi.de\/index.php\/service\/fahrzeugwartung\/","title":{"rendered":"Fahrzeugwartung"},"content":{"rendered":"<h2><span style=\"color: #1b348a;\">Fahrzeugwartung<\/span><\/h2>\n<p><strong><span style=\"font-family: Arial, serif; color: #000000;\"><span style=\"font-size: large;\">Wir warten Ihr Fahrzeug preiswert und zuverl\u00e4ssig. Achten Sie darauf, die vom Hersteller vorgegebenen Intervalle f\u00fcr die Wartung einzuhalten. Wenn Sie sich nicht sicher sind, wann Ihr Fahrzeug zur Wartung muss, k\u00f6nnen Sie sich gerne an uns wenden.<br \/>\n<\/span><\/span><\/strong><\/p>\n<p><span style=\"font-family: Arial, serif; color: #000000;\"><span style=\"font-size: large;\"><strong>Wir versprechen Ihnen:<\/strong> <\/span><\/span><\/p>\n<ul>\n<li><span style=\"font-family: Arial, serif; color: #000000;\"><span style=\"font-size: large;\">Fahrzeugwartung nach Herstellervorgaben<\/span><\/span><\/li>\n<li><span style=\"font-family: Arial, serif; color: #000000;\"><span style=\"font-size: large;\">Verwendung von Ersatzteilen in Erstausr\u00fcsterqualit\u00e4t<\/span><\/span><\/li>\n<li><span style=\"font-family: Arial, serif; color: #000000;\"><span style=\"font-size: large;\">Erhalt der Herstellergarantie f\u00fcr Ihr KFZ <\/span><\/span><\/li>\n<li><span style=\"font-family: Arial, serif; color: #000000;\"><span style=\"font-size: large;\">Pflege Ihres (digitalen) Servicehefts<\/span><\/span><\/li>\n<\/ul>\n<p><span style=\"color: #000000;\"><a style=\"color: #000000;\" name=\"_GoBack\"><\/a><span style=\"font-family: Arial, serif;\"><span style=\"font-size: large;\">Machen Sie sich keine Sorgen: Ihre Garantie- und Gew\u00e4hrleistungsanspr\u00fcche bleiben erhalten, auch wenn Sie die Fahrzeugwartung nicht in der Vertragswerkstatt, sondern bei uns durchf\u00fchren lassen. Die EU-Kommission hat dies bereits 2010 beschlossen. <\/span><\/span><\/span><\/p>\n<p>&nbsp;<\/p>\n<p><span style=\"color: #000000;\"><strong><span style=\"font-family: Arial, serif;\"><span style=\"font-size: large;\">Info: digitales Serviceheft<\/span><\/span><\/strong><\/span><\/p>\n<p><span style=\"font-family: Arial, serif;\"><span style=\"font-size: large;\"><span style=\"color: #000000;\">Aktuelle Fahrzeugmodelle k\u00fcndigen ihren anstehenden Servicetermin im Bordcomputer an. Oftmals haben diese Fahrzeuge ein digitales Serviceheft, in dem wir online die Herstellervorgaben abfragen und nach erfolgtem Service den Eintrag vornehmen k\u00f6nnen. Das digitale Serviceheft wird von uns zuverl\u00e4ssig gepflegt.<\/span> <\/span><\/span><\/p>\n","protected":false},"excerpt":{"rendered":"<p>Fahrzeugwartung Wir warten Ihr Fahrzeug preiswert und zuverl\u00e4ssig. Achten Sie darauf, die vom Hersteller vorgegebenen Intervalle f\u00fcr die Wartung einzuhalten. Wenn Sie sich nicht sicher sind, wann Ihr Fahrzeug zur Wartung muss, k\u00f6nnen Sie sich gerne an uns wenden. Wir versprechen Ihnen: Fahrzeugwartung nach Herstellervorgaben Verwendung von Ersatzteilen in Erstausr\u00fcsterqualit\u00e4t Erhalt der Herstellergarantie f\u00fcr Ihr [&hellip;]<\/p>\n","protected":false},"author":1,"featured_media":0,"parent":290,"menu_order":20,"comment_status":"closed","ping_status":"closed","template":"templates\/page-full-width.php","meta":{"footnotes":""},"class_list":["post-85","page","type-page","status-publish","hentry"],"_links":{"self":[{"href":"https:\/\/www.autoservice-waespi.de\/index.php\/wp-json\/wp\/v2\/pages\/85","targetHints":{"allow":["GET"]}}],"collection":[{"href":"https:\/\/www.autoservice-waespi.de\/index.php\/wp-json\/wp\/v2\/pages"}],"about":[{"href":"https:\/\/www.autoservice-waespi.de\/index.php\/wp-json\/wp\/v2\/types\/page"}],"author":[{"embeddable":true,"href":"https:\/\/www.autoservice-waespi.de\/index.php\/wp-json\/wp\/v2\/users\/1"}],"replies":[{"embeddable":true,"href":"https:\/\/www.autoservice-waespi.de\/index.php\/wp-json\/wp\/v2\/comments?post=85"}],"version-history":[{"count":6,"href":"https:\/\/www.autoservice-waespi.de\/index.php\/wp-json\/wp\/v2\/pages\/85\/revisions"}],"predecessor-version":[{"id":477,"href":"https:\/\/www.autoservice-waespi.de\/index.php\/wp-json\/wp\/v2\/pages\/85\/revisions\/477"}],"up":[{"embeddable":true,"href":"https:\/\/www.autoservice-waespi.de\/index.php\/wp-json\/wp\/v2\/pages\/290"}],"wp:attachment":[{"href":"https:\/\/www.autoservice-waespi.de\/index.php\/wp-json\/wp\/v2\/media?parent=85"}],"curies":[{"name":"wp","href":"https:\/\/api.w.org\/{rel}","templated":true}]}}