{"id":88,"date":"2019-03-05T12:34:05","date_gmt":"2019-03-05T11:34:05","guid":{"rendered":"https:\/\/www.autoservice-waespi.de\/?page_id=88"},"modified":"2019-03-28T08:06:07","modified_gmt":"2019-03-28T07:06:07","slug":"reifenservice","status":"publish","type":"page","link":"https:\/\/www.autoservice-waespi.de\/index.php\/service\/reifenservice\/","title":{"rendered":"Reifenservice"},"content":{"rendered":"<h2><span style=\"color: #1b348a;\">Reifenservice<\/span><\/h2>\n<p><span style=\"color: #000000;\"><span style=\"font-family: Arial, sans-serif;\"><span style=\"font-size: large;\"><strong>In unserer Werkstatt erledigen wir alle Arbeiten rund um Ihre Fahrzeugr\u00e4der:<\/strong> <\/span><\/span><\/span><\/p>\n<ul>\n<li><span style=\"color: #000000;\"><span style=\"font-family: Arial, sans-serif;\"><span style=\"font-size: large;\">R\u00e4derwechsel<\/span><\/span><\/span><\/li>\n<li><span style=\"color: #000000;\"><span style=\"font-family: Arial, sans-serif;\"><span style=\"font-size: large;\">R\u00e4dereinlagerung<\/span><\/span><\/span><\/li>\n<li><span style=\"color: #000000;\"><span style=\"font-family: Arial, sans-serif;\"><span style=\"font-size: large;\">Reifenmontage inkl. Wuchten<\/span><\/span><\/span><\/li>\n<li><span style=\"color: #000000;\"><span style=\"font-family: Arial, sans-serif;\"><span style=\"font-size: large;\">Altreifenentsorgung<\/span><\/span><\/span><\/li>\n<\/ul>\n<p>&nbsp;<\/p>\n<p><span style=\"color: #000000;\"><span style=\"font-family: Arial, sans-serif;\"><span style=\"font-size: large;\">Falls Sie neue Reifen ben\u00f6tigen, k\u00f6nnen wir diese im Voraus bestellen und die Montage an einem Termin abarbeiten. Somit sind Sie schnell wieder unterwegs, haben keine Arbeit und m\u00fcssen sich nicht um die Entsorgung der verschlissenen Reifen k\u00fcmmern.<\/span><\/span><\/span><\/p>\n<p>&nbsp;<\/p>\n<p><strong><span style=\"color: #000000;\"><u><span style=\"font-family: Arial, sans-serif;\"><span style=\"font-size: large;\">Tipp: R\u00e4dereinlagerung<\/span><\/span><\/u><\/span><\/strong><\/p>\n<p><span style=\"color: #000000;\"><span style=\"font-family: Arial, sans-serif;\"><span style=\"font-size: large;\">Zur richtigen Lagerung der R\u00e4der ist ein trockener, dunkler und k\u00fchler Raum notwendig. Denn durch Licht und W\u00e4rme verliert die Gummimischung an Festigkeit und Elastizit\u00e4t, altert schneller und wird rissig. Bei uns werden Ihre R\u00e4der fachgerecht eingelagert. Sprechen Sie uns hierzu einfach an. <\/span><\/span><\/span><\/p>\n<p>&nbsp;<\/p>\n","protected":false},"excerpt":{"rendered":"<p>Reifenservice In unserer Werkstatt erledigen wir alle Arbeiten rund um Ihre Fahrzeugr\u00e4der: R\u00e4derwechsel R\u00e4dereinlagerung Reifenmontage inkl. Wuchten Altreifenentsorgung &nbsp; Falls Sie neue Reifen ben\u00f6tigen, k\u00f6nnen wir diese im Voraus bestellen und die Montage an einem Termin abarbeiten. Somit sind Sie schnell wieder unterwegs, haben keine Arbeit und m\u00fcssen sich nicht um die Entsorgung der verschlissenen [&hellip;]<\/p>\n","protected":false},"author":1,"featured_media":0,"parent":290,"menu_order":40,"comment_status":"closed","ping_status":"closed","template":"templates\/page-full-width.php","meta":{"footnotes":""},"class_list":["post-88","page","type-page","status-publish","hentry"],"_links":{"self":[{"href":"https:\/\/www.autoservice-waespi.de\/index.php\/wp-json\/wp\/v2\/pages\/88","targetHints":{"allow":["GET"]}}],"collection":[{"href":"https:\/\/www.autoservice-waespi.de\/index.php\/wp-json\/wp\/v2\/pages"}],"about":[{"href":"https:\/\/www.autoservice-waespi.de\/index.php\/wp-json\/wp\/v2\/types\/page"}],"author":[{"embeddable":true,"href":"https:\/\/www.autoservice-waespi.de\/index.php\/wp-json\/wp\/v2\/users\/1"}],"replies":[{"embeddable":true,"href":"https:\/\/www.autoservice-waespi.de\/index.php\/wp-json\/wp\/v2\/comments?post=88"}],"version-history":[{"count":6,"href":"https:\/\/www.autoservice-waespi.de\/index.php\/wp-json\/wp\/v2\/pages\/88\/revisions"}],"predecessor-version":[{"id":478,"href":"https:\/\/www.autoservice-waespi.de\/index.php\/wp-json\/wp\/v2\/pages\/88\/revisions\/478"}],"up":[{"embeddable":true,"href":"https:\/\/www.autoservice-waespi.de\/index.php\/wp-json\/wp\/v2\/pages\/290"}],"wp:attachment":[{"href":"https:\/\/www.autoservice-waespi.de\/index.php\/wp-json\/wp\/v2\/media?parent=88"}],"curies":[{"name":"wp","href":"https:\/\/api.w.org\/{rel}","templated":true}]}}